{"id":2347,"date":"2024-12-07T13:56:19","date_gmt":"2024-12-07T12:56:19","guid":{"rendered":"https:\/\/lestempselectriques.net\/?page_id=2347"},"modified":"2024-12-07T19:27:06","modified_gmt":"2024-12-07T18:27:06","slug":"liste-dia-generatives","status":"publish","type":"page","link":"https:\/\/lestempselectriques.net\/index.php\/liste-dia-generatives\/","title":{"rendered":"Liste d&rsquo;IA g\u00e9n\u00e9ratives"},"content":{"rendered":"\n<figure class=\"wp-block-image size-large\"><img loading=\"lazy\" decoding=\"async\" width=\"1024\" height=\"585\" src=\"https:\/\/lestempselectriques.net\/wp-content\/uploads\/2024\/12\/GenAI-1024x585.webp\" alt=\"\" class=\"wp-image-2358\" srcset=\"https:\/\/lestempselectriques.net\/wp-content\/uploads\/2024\/12\/GenAI-1024x585.webp 1024w, https:\/\/lestempselectriques.net\/wp-content\/uploads\/2024\/12\/GenAI-300x171.webp 300w, https:\/\/lestempselectriques.net\/wp-content\/uploads\/2024\/12\/GenAI-768x439.webp 768w, https:\/\/lestempselectriques.net\/wp-content\/uploads\/2024\/12\/GenAI-1536x878.webp 1536w, https:\/\/lestempselectriques.net\/wp-content\/uploads\/2024\/12\/GenAI.webp 1792w\" sizes=\"auto, (max-width: 767px) 89vw, (max-width: 1000px) 54vw, (max-width: 1071px) 543px, 580px\" \/><figcaption class=\"wp-element-caption\">Cr\u00e9dits : Cr\u00e9\u00e9 avec Dall-E<\/figcaption><\/figure>\n\n\n\n<p>En pr\u00e9paration du livre \u00ab\u00a0<a href=\"https:\/\/boutique.lexisnexis.fr\/13394-ia-generative-et-professionnels-du-droit\/\">IA g\u00e9n\u00e9ratives et professionnels du droit<\/a>\u00ab\u00a0, une liste de solutions d&rsquo;IA g\u00e9n\u00e9ratives a \u00e9t\u00e9 recens\u00e9e par l&rsquo;auteur. Sans pr\u00e9tendre \u00e0 l&rsquo;exhaustivit\u00e9, retrouvez ci-dessous cette liste qui sera ponctuellement mise \u00e0 jour.<\/p>\n\n\n\n<p>[Derni\u00e8re mise \u00e0 jour du 7 d\u00e9cembre 2024]<\/p>\n\n\n\n<figure class=\"wp-block-table is-style-regular has-small-font-size\"><table class=\"has-fixed-layout\"><tbody><tr><td class=\"has-text-align-center\" data-align=\"center\" colspan=\"4\"><strong>Solutions sp\u00e9cialis\u00e9es en droit&nbsp;<\/strong>(en fran\u00e7ais)<\/td><\/tr><tr><td class=\"has-text-align-center\" data-align=\"center\"><strong>GenIA-L<\/strong><\/td><td>Lefebvre Dalloz<\/td><td><a href=\"https:\/\/www.lefebvre-dalloz.fr\/ressources\/decouvrez-genia-l-en-avant-premiere-et-entrez-dans-le-monde-fascinant-de-lia\">https:\/\/www.lefebvre-dalloz.fr\/ressources\/decouvrez-genia-l-en-avant-premiere-et-entrez-dans-le-monde-fascinant-de-lia<\/a><\/td><td>&nbsp;<\/td><\/tr><tr><td class=\"has-text-align-center\" data-align=\"center\"><strong>Legigpt<\/strong><\/td><td>@steeve<\/td><td><a href=\"https:\/\/legigpt.fr\/\">https:\/\/legigpt.fr<\/a><\/td><td>&nbsp;<\/td><\/tr><tr><td class=\"has-text-align-center\" data-align=\"center\"><strong>_Lexbase<\/strong><\/td><td>Lexbase<\/td><td><a href=\"https:\/\/www.lexbase.fr\/lexia\/test-decisions-similaires\">https:\/\/www.lexbase.fr\/lexia\/test-decisions-similaires<\/a><\/td><td>Recherche de d\u00e9cisions similaires<\/td><\/tr><tr><td class=\"has-text-align-center\" data-align=\"center\"><strong>Lexis+AI<\/strong><\/td><td>LexisNexis<\/td><td><a href=\"https:\/\/www.lexisnexis.com\/fr-fr\/ppc\/lexis-ai-meilleur-choix\">https:\/\/www.lexisnexis.com\/fr-fr\/ppc\/lexis-ai-meilleur-choix<\/a><\/td><td>&nbsp;<\/td><\/tr><tr><td class=\"has-text-align-center\" data-align=\"center\"><strong>Ordalie&nbsp;<\/strong><\/td><td>Ordalie<\/td><td><a href=\"https:\/\/ordalie.ai\/\">https:\/\/ordalie.ai<\/a><\/td><td>&nbsp;<\/td><\/tr><tr><td class=\"has-text-align-center\" data-align=\"center\"><strong>Assistant<\/strong><\/td><td>Predictice<\/td><td><a href=\"https:\/\/predictice.com\/assistant\">https:\/\/predictice.com\/assistant<\/a><\/td><td>&nbsp;<\/td><\/tr><tr><td class=\"has-text-align-center\" data-align=\"center\" colspan=\"4\"><strong>G\u00e9n\u00e9ration de textes<\/strong><strong><\/strong><\/td><\/tr><tr><td class=\"has-text-align-center\" data-align=\"center\"><strong>AI Text Generator<\/strong><\/td><td>DeepAI<\/td><td><a href=\"https:\/\/deepai.org\/chat\">https:\/\/deepai.org\/chat<\/a><\/td><td>&nbsp;<\/td><\/tr><tr><td class=\"has-text-align-center\" data-align=\"center\"><strong>Amazon Q<\/strong><\/td><td>Amazon<\/td><td><a href=\"https:\/\/aws.amazon.com\/fr\/q\/\">https:\/\/aws.amazon.com\/fr\/q\/<\/a><\/td><td>Cr\u00e9ation d\u2019agent conversationnel<\/td><\/tr><tr><td class=\"has-text-align-center\" data-align=\"center\"><strong>Bertha.ai<\/strong><\/td><td>WordPress<\/td><td><a href=\"https:\/\/bertha.ai\/\">https:\/\/bertha.ai\/<\/a><\/td><td>&nbsp;<\/td><\/tr><tr><td class=\"has-text-align-center\" data-align=\"center\"><strong>Character.ai<\/strong><\/td><td>Character Technologies<\/td><td><a href=\"https:\/\/character.ai\/\">https:\/\/character.ai<\/a><\/td><td>Agent conversationnel personnalisable<\/td><\/tr><tr><td class=\"has-text-align-center\" data-align=\"center\"><strong>ChatGPT<\/strong><\/td><td>OpenAI<\/td><td><a href=\"https:\/\/chat.openai.com\/\">https:\/\/chat.openai.com\/<\/a><\/td><td>&nbsp;<\/td><\/tr><tr><td class=\"has-text-align-center\" data-align=\"center\"><strong>Chatsonic<\/strong><\/td><td>Writesonic<\/td><td><a href=\"https:\/\/writesonic.com\/chat%20\/\">https:\/\/writesonic.com\/chat \/<\/a><\/td><td>Production \u00e9galement d\u2019images<\/td><\/tr><tr><td class=\"has-text-align-center\" data-align=\"center\"><strong>Claude<\/strong><\/td><td>Anthropic<\/td><td><a href=\"https:\/\/claude.ai\/\">https:\/\/claude.ai\/<\/a><\/td><td>&nbsp;<\/td><\/tr><tr><td class=\"has-text-align-center\" data-align=\"center\"><strong>Copilot<\/strong><\/td><td>Microsoft<\/td><td><a href=\"https:\/\/www.microsoft.com\/fr-fr\/microsoft-copilot\">https:\/\/www.microsoft.com\/fr-fr\/microsoft-copilot<\/a><\/td><td>&nbsp;<\/td><\/tr><tr><td class=\"has-text-align-center\" data-align=\"center\"><strong>copy.AI<\/strong><\/td><td>copy.ai<\/td><td><a href=\"https:\/\/www.copy.ai\/\">https:\/\/www.copy.ai\/<\/a><\/td><td>Marketing<\/td><\/tr><tr><td class=\"has-text-align-center\" data-align=\"center\"><strong>coral.ai<\/strong><\/td><td>Coral AI<\/td><td><a href=\"https:\/\/app.getcoralai.com\/\">https:\/\/app.getcoralai.com<\/a><\/td><td>Synth\u00e8se de PDF avec citation de sources<\/td><\/tr><tr><td class=\"has-text-align-center\" data-align=\"center\"><strong>DeepL Write<\/strong><\/td><td>DeepL<\/td><td><a href=\"https:\/\/www.deepl.com\/fr\/write\">https:\/\/www.deepl.com\/fr\/write<\/a><\/td><td>Correcteur de style<\/td><\/tr><tr><td class=\"has-text-align-center\" data-align=\"center\"><strong>Friday<\/strong><\/td><td>Friday<\/td><td><a href=\"https:\/\/www.heyfriday.ai\/home\">https:\/\/www.heyfriday.ai\/home<\/a><\/td><td>Cr\u00e9ation d\u2019articles<\/td><\/tr><tr><td class=\"has-text-align-center\" data-align=\"center\"><strong>Gemini<br><\/strong>(ex Bard)<\/td><td>Google<\/td><td><a href=\"https:\/\/gemini.google.com\/\">https:\/\/gemini.google.com\/<\/a><\/td><td>&nbsp;<\/td><\/tr><tr><td class=\"has-text-align-center\" data-align=\"center\"><strong>Giveme AI<\/strong><\/td><td>Giveme<\/td><td><a href=\"https:\/\/www.giveme-ai.com\/\">https:\/\/www.giveme-ai.com<\/a><\/td><td>App pour t\u00e9l\u00e9phone, orient\u00e9 m\u00e9dia sociaux<\/td><\/tr><tr><td class=\"has-text-align-center\" data-align=\"center\"><strong>Grammarly<\/strong><\/td><td>Grammalry<\/td><td><a href=\"https:\/\/www.grammarly.com\/\">https:\/\/www.grammarly.com<\/a><\/td><td>Aide \u00e0 la r\u00e9daction<\/td><\/tr><tr><td class=\"has-text-align-center\" data-align=\"center\"><strong>Grok<\/strong><\/td><td>X<\/td><td><a href=\"https:\/\/x.ai\/\">https:\/\/x.ai\/<\/a><\/td><td>Sources d\u2019apprentissages notamment li\u00e9es au r\u00e9seau social<\/td><\/tr><tr><td class=\"has-text-align-center\" data-align=\"center\"><strong>Hemingway Editor&nbsp;<\/strong><\/td><td>.38 Long LLC<\/td><td><a href=\"https:\/\/hemingwayapp.com\/\">https:\/\/hemingwayapp.com<\/a>&nbsp;<\/td><td>Aide \u00e0 la r\u00e9daction<\/td><\/tr><tr><td class=\"has-text-align-center\" data-align=\"center\"><strong>HuggingChat<\/strong><\/td><td>Hugging Face<\/td><td><a href=\"https:\/\/huggingface.co\/chat\/\">https:\/\/huggingface.co\/chat\/<\/a><\/td><td>&nbsp;<\/td><\/tr><tr><td class=\"has-text-align-center\" data-align=\"center\"><strong>Ink<\/strong><\/td><td>Inkco<\/td><td><a href=\"https:\/\/inkforall.com\/\">https:\/\/inkforall.com\/<\/a><\/td><td>Marketing et SEO*<\/td><\/tr><tr><td class=\"has-text-align-center\" data-align=\"center\"><strong>Jasper&nbsp;<br><\/strong>(ex Jarvis)<\/td><td>Jasper<\/td><td><a href=\"https:\/\/www.jasper.ai\/\">https:\/\/www.jasper.ai\/<\/a><\/td><td>Marketing et media sociaux<\/td><\/tr><tr><td class=\"has-text-align-center\" data-align=\"center\"><strong>Jylo<\/strong><\/td><td>Jylo Limited<\/td><td><a href=\"https:\/\/jylo.ai\/\">https:\/\/jylo.ai<\/a><\/td><td>Agr\u00e9gateur de mod\u00e8les<\/td><\/tr><tr><td class=\"has-text-align-center\" data-align=\"center\"><strong>Llama<\/strong><\/td><td>Meta<\/td><td><a href=\"https:\/\/llama.meta.com\/\">https:\/\/llama.meta.com<\/a><\/td><td>&nbsp;<\/td><\/tr><tr><td class=\"has-text-align-center\" data-align=\"center\"><strong>Longshot AI<\/strong><\/td><td>Longshot<\/td><td><a href=\"https:\/\/www.longshot.ai\/\">https:\/\/www.longshot.ai\/<\/a><\/td><td>Marketing et SEO*<\/td><\/tr><tr><td class=\"has-text-align-center\" data-align=\"center\"><strong>Magic Write<\/strong><\/td><td>Canva \/ OpenAI<\/td><td><a href=\"https:\/\/www.canva.com\/magic-write\/\">https:\/\/www.canva.com\/magic-write\/<\/a><\/td><td>&nbsp;<\/td><\/tr><tr><td class=\"has-text-align-center\" data-align=\"center\"><strong>Mistral AI<\/strong><\/td><td>Mistral AI<\/td><td><a href=\"https:\/\/mistral.ai\/fr\/\">https:\/\/mistral.ai\/fr\/<\/a><\/td><td>&nbsp;<\/td><\/tr><tr><td class=\"has-text-align-center\" data-align=\"center\"><strong>Neuroflash<\/strong><\/td><td>Neuroflash \/ OpenAI<\/td><td><a href=\"https:\/\/neuroflash.com\/\">https:\/\/neuroflash.com<\/a><\/td><td>Marketing<\/td><\/tr><tr><td class=\"has-text-align-center\" data-align=\"center\"><strong>Notion AI<\/strong><\/td><td>Notion<\/td><td><a href=\"https:\/\/www.notion.so\/fr-fr\">https:\/\/www.notion.so\/fr-fr<\/a><\/td><td>Travail collaboratif<\/td><\/tr><tr><td class=\"has-text-align-center\" data-align=\"center\"><strong>PepperType<\/strong><\/td><td>Pepper<\/td><td><a href=\"https:\/\/www.peppercontent.io\/peppertype-ai\/\">https:\/\/www.peppercontent.io\/peppertype-ai\/<\/a><\/td><td>Marketing<\/td><\/tr><tr><td class=\"has-text-align-center\" data-align=\"center\"><strong>Phi3<\/strong><\/td><td>Microsoft<\/td><td><a href=\"https:\/\/azure.microsoft.com\/fr-fr\/products\/phi-3\/\">https:\/\/azure.microsoft.com\/fr-fr\/products\/phi-3\/<\/a><\/td><td>Petit mod\u00e8le de langage<\/td><\/tr><tr><td class=\"has-text-align-center\" data-align=\"center\"><strong>Poe<\/strong><\/td><td>Quora<\/td><td><a href=\"https:\/\/poeai.quora.com\/\">https:\/\/poeai.quora.com<\/a><\/td><td>App pour smartphones<\/td><\/tr><tr><td class=\"has-text-align-center\" data-align=\"center\"><strong>ProWritingAid<\/strong><\/td><td>ProWritingAid<\/td><td><a href=\"https:\/\/prowritingaid.com\/\">https:\/\/prowritingaid.com\/<\/a><\/td><td>Aide \u00e0 la r\u00e9daction<\/td><\/tr><tr><td class=\"has-text-align-center\" data-align=\"center\"><strong>Rytr<\/strong><\/td><td>Rytr<\/td><td><a href=\"https:\/\/rytr.me\/\">https:\/\/rytr.me\/<\/a><\/td><td>Marketing, aide \u00e0 la r\u00e9daction, d\u00e9tection de plagiat<\/td><\/tr><tr><td class=\"has-text-align-center\" data-align=\"center\"><strong>Scalenut<\/strong><\/td><td>Scalenut<\/td><td><a href=\"https:\/\/www.scalenut.com\/\">https:\/\/www.scalenut.com\/<\/a><\/td><td>SEO*<\/td><\/tr><tr><td class=\"has-text-align-center\" data-align=\"center\"><strong>SudoWrite<\/strong><\/td><td>SudoWrite<\/td><td><a href=\"https:\/\/www.sudowrite.com\/\">https:\/\/www.sudowrite.com\/<\/a><\/td><td>Aide \u00e0 l\u2019\u00e9criture de livres<\/td><\/tr><tr><td class=\"has-text-align-center\" data-align=\"center\"><strong>text.cortex<\/strong><\/td><td>TextCortex<\/td><td><a href=\"https:\/\/textcortex.com\/\">https:\/\/textcortex.com\/<\/a><\/td><td>&nbsp;<\/td><\/tr><tr><td class=\"has-text-align-center\" data-align=\"center\"><strong>Trinket<\/strong><\/td><td>Trinket<\/td><td><a href=\"https:\/\/trinket.io\/\">https:\/\/trinket.io\/<\/a><\/td><td>G\u00e9n\u00e9ration de code informatique<\/td><\/tr><tr><td class=\"has-text-align-center\" data-align=\"center\"><strong>Whisper<\/strong><\/td><td>OpenAI<\/td><td><a href=\"https:\/\/openai.com\/research\/whisper\">https:\/\/openai.com\/research\/whisper<\/a><\/td><td>Conversion de voix en texte<\/td><\/tr><tr><td class=\"has-text-align-center\" data-align=\"center\"><strong>YouChat<\/strong><\/td><td>You.com<\/td><td><a href=\"https:\/\/web.youchat.com\/\">https:\/\/web.youchat.com\/<\/a><\/td><td>&nbsp;<\/td><\/tr><tr><td class=\"has-text-align-center\" data-align=\"center\"><strong>Writer<\/strong><\/td><td>Zoho Writer<\/td><td><a href=\"https:\/\/www.zoho.com\/writer\/\">https:\/\/www.zoho.com\/writer\/<\/a><\/td><td>Aide \u00e0 la r\u00e9daction<\/td><\/tr><tr><td class=\"has-text-align-center\" data-align=\"center\" colspan=\"4\"><strong>G\u00e9n\u00e9ration d\u2019images<\/strong><strong><\/strong><\/td><\/tr><tr><td class=\"has-text-align-center\" data-align=\"center\"><strong>ArtSmart.ai<\/strong><\/td><td>ArtSmart<\/td><td><a href=\"https:\/\/artsmart.ai\/\">https:\/\/artsmart.ai<\/a><\/td><td>&nbsp;<\/td><\/tr><tr><td class=\"has-text-align-center\" data-align=\"center\"><strong>Bing Image Creator<\/strong><\/td><td>Microsoft<\/td><td><a href=\"https:\/\/www.bing.com\/images\/create\">https:\/\/www.bing.com\/images\/create<\/a>&nbsp;<\/td><td>&nbsp;<\/td><\/tr><tr><td class=\"has-text-align-center\" data-align=\"center\"><strong>Craiyon<\/strong><\/td><td>&nbsp;<\/td><td><a href=\"https:\/\/www.craiyon.com\/\">https:\/\/www.craiyon.com<\/a><\/td><td>&nbsp;<\/td><\/tr><tr><td class=\"has-text-align-center\" data-align=\"center\"><strong>Dall-E 3<\/strong><\/td><td>OpenAI<\/td><td><a href=\"https:\/\/openai.com\/dall-e-3\">https:\/\/openai.com\/dall-e-3<\/a><\/td><td>&nbsp;<\/td><\/tr><tr><td class=\"has-text-align-center\" data-align=\"center\"><strong>Deep Dream Generator<\/strong><\/td><td>Deep Dream Generator<\/td><td><a href=\"https:\/\/deepdreamgenerator.com\/\">https:\/\/deepdreamgenerator.com<\/a><\/td><td>&nbsp;<\/td><\/tr><tr><td class=\"has-text-align-center\" data-align=\"center\"><strong>Flux<\/strong><\/td><td>Black Forest Lab<\/td><td><a href=\"https:\/\/blackforestlabs.ai\/#get-flux\">https:\/\/blackforestlabs.ai\/#get-flux<\/a><\/td><td>Mod\u00e8le accessible par NightCafe et Poe<\/td><\/tr><tr><td class=\"has-text-align-center\" data-align=\"center\"><strong>Jasper Art<\/strong><\/td><td>Jasper<\/td><td><a href=\"https:\/\/www.jasper.ai\/\">https:\/\/www.jasper.ai\/<\/a>art<\/td><td>&nbsp;<\/td><\/tr><tr><td class=\"has-text-align-center\" data-align=\"center\"><strong>Leonardo.ai<\/strong><\/td><td>Leonardo Interactive<\/td><td><a href=\"https:\/\/leonardo.ai\/\">https:\/\/leonardo.ai<\/a><\/td><td>&nbsp;<\/td><\/tr><tr><td class=\"has-text-align-center\" data-align=\"center\"><strong>Lexica Aperture<\/strong><\/td><td>Lexica<\/td><td><a href=\"https:\/\/lexica.art\/aperture\">https:\/\/lexica.art\/aperture<\/a><\/td><td>&nbsp;<\/td><\/tr><tr><td class=\"has-text-align-center\" data-align=\"center\"><strong>Midjourney<\/strong><\/td><td>Midjourney<\/td><td><a href=\"https:\/\/www.midjourney.com\/explore\">https:\/\/www.midjourney.com\/explore<\/a><\/td><td>Prompts r\u00e9alis\u00e9s dans Discord<\/td><\/tr><tr><td class=\"has-text-align-center\" data-align=\"center\"><strong>NightCafe Creator<\/strong><\/td><td>NightCafe Studio<\/td><td><a href=\"https:\/\/creator.nightcafe.studio\/\">https:\/\/creator.nightcafe.studio<\/a>&nbsp;&nbsp;<\/td><td>&nbsp;<\/td><\/tr><tr><td class=\"has-text-align-center\" data-align=\"center\"><strong>Stable Assistant (ex DreamStudio)<\/strong><\/td><td>Stability.ai<\/td><td><a href=\"https:\/\/beta.dreamstudio.ai\/generate\">https:\/\/beta.dreamstudio.ai\/generate<\/a><\/td><td>&nbsp;<\/td><\/tr><tr><td class=\"has-text-align-center\" data-align=\"center\"><strong>Photoshop<\/strong><\/td><td>Adobe<\/td><td><a href=\"https:\/\/www.adobe.com\/fr\/products\/photoshop\/generative-fill.html\">https:\/\/www.adobe.com\/fr\/products\/photoshop\/generative-fill.html<\/a><\/td><td>Outil de remplissage g\u00e9n\u00e9ratif<\/td><\/tr><tr><td class=\"has-text-align-center\" data-align=\"center\"><strong>Photosonic<\/strong><\/td><td>WriteSonic<\/td><td><a href=\"https:\/\/writesonic.com\/photosonic-ai-art-generator\">https:\/\/writesonic.com\/photosonic-ai-art-generator<\/a><\/td><td>&nbsp;<\/td><\/tr><tr><td class=\"has-text-align-center\" data-align=\"center\"><strong>PicWish (outils IA)<\/strong><\/td><td>PicWish<\/td><td><a href=\"https:\/\/picwish.com\/fr\/\">https:\/\/picwish.com\/fr\/<\/a><\/td><td>\u00c9diteur de photographies<\/td><\/tr><tr><td class=\"has-text-align-center\" data-align=\"center\"><strong>Studio Magique<\/strong><\/td><td>Canva<\/td><td><a href=\"https:\/\/www.canva.com\/fr_fr\/magique\/\">https:\/\/www.canva.com\/fr_fr\/magique\/<\/a><\/td><td>&nbsp;<\/td><\/tr><tr><td class=\"has-text-align-center\" data-align=\"center\" colspan=\"4\"><strong>Ressources p\u00e9dagogiques<\/strong><strong><\/strong><\/td><\/tr><tr><td class=\"has-text-align-center\" data-align=\"center\"><strong>3blue1brown<\/strong><\/td><td>&nbsp;<\/td><td><a href=\"https:\/\/www.youtube.com\/watch?v=wjZofJX0v4M\">https:\/\/www.youtube.com\/watch?v=wjZofJX0v4M<\/a><\/td><td>Introduction visuelle aux mod\u00e8les&nbsp;<em>transformers<\/em><\/td><\/tr><tr><td class=\"has-text-align-center\" data-align=\"center\"><strong>Gandalf<\/strong><\/td><td>Lakera<\/td><td><a href=\"https:\/\/gandalf.lakera.ai\/\">https:\/\/gandalf.lakera.ai<\/a><\/td><td>Serious game pour tester des injections de prompt<\/td><\/tr><tr><td class=\"has-text-align-center\" data-align=\"center\"><strong>Arbre de d\u00e9cision et biais<\/strong><\/td><td>R2D3<\/td><td><a href=\"http:\/\/www.r2d3.us\/\">http:\/\/www.r2d3.us<\/a><\/td><td>Introduction visuelle \u00e0 l\u2019apprentissage statistique<\/td><\/tr><\/tbody><\/table><\/figure>\n","protected":false},"excerpt":{"rendered":"<p>En pr\u00e9paration du livre \u00ab\u00a0IA g\u00e9n\u00e9ratives et professionnels du droit\u00ab\u00a0, une liste de solutions d&rsquo;IA g\u00e9n\u00e9ratives a \u00e9t\u00e9 recens\u00e9e par l&rsquo;auteur. Sans pr\u00e9tendre \u00e0 l&rsquo;exhaustivit\u00e9, retrouvez ci-dessous cette liste qui sera ponctuellement mise \u00e0 jour. [Derni\u00e8re mise \u00e0 jour du 7 d\u00e9cembre 2024] Solutions sp\u00e9cialis\u00e9es en droit&nbsp;(en fran\u00e7ais) GenIA-L Lefebvre Dalloz https:\/\/www.lefebvre-dalloz.fr\/ressources\/decouvrez-genia-l-en-avant-premiere-et-entrez-dans-le-monde-fascinant-de-lia &nbsp; Legigpt @steeve&hellip; <a class=\"read-more-link\" href=\"https:\/\/lestempselectriques.net\/index.php\/liste-dia-generatives\/\">Plus&#8230;<\/a><\/p>\n","protected":false},"author":1,"featured_media":0,"parent":0,"menu_order":20,"comment_status":"closed","ping_status":"closed","template":"","meta":{"footnotes":""},"coauthors":[17],"class_list":["post-2347","page","type-page","status-publish","hentry"],"jetpack_sharing_enabled":true,"_links":{"self":[{"href":"https:\/\/lestempselectriques.net\/index.php\/wp-json\/wp\/v2\/pages\/2347","targetHints":{"allow":["GET"]}}],"collection":[{"href":"https:\/\/lestempselectriques.net\/index.php\/wp-json\/wp\/v2\/pages"}],"about":[{"href":"https:\/\/lestempselectriques.net\/index.php\/wp-json\/wp\/v2\/types\/page"}],"author":[{"embeddable":true,"href":"https:\/\/lestempselectriques.net\/index.php\/wp-json\/wp\/v2\/users\/1"}],"replies":[{"embeddable":true,"href":"https:\/\/lestempselectriques.net\/index.php\/wp-json\/wp\/v2\/comments?post=2347"}],"version-history":[{"count":3,"href":"https:\/\/lestempselectriques.net\/index.php\/wp-json\/wp\/v2\/pages\/2347\/revisions"}],"predecessor-version":[{"id":2359,"href":"https:\/\/lestempselectriques.net\/index.php\/wp-json\/wp\/v2\/pages\/2347\/revisions\/2359"}],"wp:attachment":[{"href":"https:\/\/lestempselectriques.net\/index.php\/wp-json\/wp\/v2\/media?parent=2347"}],"wp:term":[{"taxonomy":"author","embeddable":true,"href":"https:\/\/lestempselectriques.net\/index.php\/wp-json\/wp\/v2\/coauthors?post=2347"}],"curies":[{"name":"wp","href":"https:\/\/api.w.org\/{rel}","templated":true}]}}