{"id":762,"date":"2020-03-11T16:27:39","date_gmt":"2020-03-11T15:27:39","guid":{"rendered":"https:\/\/lestempselectriques.net\/?page_id=762"},"modified":"2022-11-14T00:03:19","modified_gmt":"2022-11-13T23:03:19","slug":"lintelligence-artificielle-en-proces","status":"publish","type":"page","link":"https:\/\/lestempselectriques.net\/index.php\/lintelligence-artificielle-en-proces\/","title":{"rendered":"L&rsquo;intelligence artificielle en proc\u00e8s"},"content":{"rendered":"\n<p class=\"has-large-font-size\"><strong>L&rsquo;intelligence artificielle en proc\u00e8s<\/strong> &#8211; Plaidoyer pour une r\u00e9glementation internationale et europ\u00e9enne<\/p>\n\n\n\n<figure class=\"wp-block-image size-large\"><a href=\"https:\/\/www.larcier.com\/fr\/l-intelligence-artificielle-en-proces-2020-9782802765882.html\"><img loading=\"lazy\" decoding=\"async\" width=\"1179\" height=\"1658\" src=\"https:\/\/i2.wp.com\/lestempselectriques.net\/wp-content\/uploads\/2020\/03\/couv.jpg?fit=525%2C738&amp;ssl=1\" alt=\"\" class=\"wp-image-963\" srcset=\"https:\/\/lestempselectriques.net\/wp-content\/uploads\/2020\/03\/couv.jpg 1179w, https:\/\/lestempselectriques.net\/wp-content\/uploads\/2020\/03\/couv-213x300.jpg 213w, https:\/\/lestempselectriques.net\/wp-content\/uploads\/2020\/03\/couv-728x1024.jpg 728w, https:\/\/lestempselectriques.net\/wp-content\/uploads\/2020\/03\/couv-768x1080.jpg 768w, https:\/\/lestempselectriques.net\/wp-content\/uploads\/2020\/03\/couv-1092x1536.jpg 1092w\" sizes=\"auto, (max-width: 767px) 89vw, (max-width: 1000px) 54vw, (max-width: 1071px) 543px, 580px\" \/><\/a><figcaption class=\"wp-element-caption\"><strong>L&rsquo;intelligence artificielle en proc\u00e8s<\/strong><br>Plaidoyer pour une r\u00e9glementation internationale et europ\u00e9enne<br>Pr\u00e9face d&rsquo;<a href=\"https:\/\/fr.wikipedia.org\/wiki\/Antoine_Garapon\">Antoine Garapon<\/a>, postface de <a rel=\"noreferrer noopener\" href=\"https:\/\/wikitia.com\/wiki\/Jan_Kleijssen\" target=\"_blank\">Jan Kleijssen<\/a><br><em>Collection Macro droit &#8211; Micro droit,<\/em><br><em>Editions Bruylant &#8211; Paru le 12 mai 2020<\/em><\/figcaption><\/figure>\n\n\n\n<p class=\"has-text-align-center\"><strong>Commander le livre<\/strong> : <a rel=\"noreferrer noopener\" href=\"https:\/\/www.larcier.com\/fr\/l-intelligence-artificielle-en-proces-2020-9782802765882.html\" target=\"_blank\">Larcier<\/a> &#8211; <a rel=\"noreferrer noopener\" href=\"https:\/\/www.decitre.fr\/livres\/l-intelligence-artificielle-en-proces-9782802765882.html\" target=\"_blank\"><\/a><a rel=\"noreferrer noopener\" href=\"https:\/\/www.amazon.fr\/dp\/2802765884\/ref=cm_sw_r_sms_c_api_i_qIPDEbJ7M41BZ\" target=\"_blank\">Amazon<\/a> (dont format Kindle) &#8211; <a rel=\"noreferrer noopener\" href=\"https:\/\/www.cultura.com\/l-intelligence-artificielle-en-proces-9782802765882.html\" target=\"_blank\">Cultura<\/a> &#8211; <a rel=\"noreferrer noopener\" href=\"https:\/\/www.decitre.fr\/livres\/l-intelligence-artificielle-en-proces-9782802765882.html\" target=\"_blank\">D\u00e9citre<\/a> &#8211; <a rel=\"noreferrer noopener\" href=\"https:\/\/www.eyrolles.com\/Entreprise\/Livre\/l-intelligence-artificielle-en-proces-9782802765882\/\" target=\"_blank\">Eyrolles<\/a> &#8211;  <a rel=\"noreferrer noopener\" href=\"https:\/\/livre.fnac.com\/a14241824\/Yannick-Meneceur-L-intelligence-artificielle-en-proces\" target=\"_blank\">FNAC<\/a> &#8211; <a rel=\"noreferrer noopener\" href=\"https:\/\/www.furet.com\/livres\/l-intelligence-artificielle-en-proces-yannick-meneceur-9782802765882.html\" target=\"_blank\">Furet du Nord<\/a> &#8211; <a rel=\"noreferrer noopener\" href=\"https:\/\/www.lalibrairie.com\/livres\/l-intelligence-artificielle-en-proces--plaidoyer-pour-une-reglementation-internationale-et-europeenne_0-6393753_9782802765882.html\" target=\"_blank\">Lalibrairie.com<\/a> &#8211; <a rel=\"noreferrer noopener\" href=\"https:\/\/www.culture.leclerc\/livre-u\/savoirs-u\/droit-u\/autres-droit-u\/l-intelligence-artificielle-en-proces--plaidoyer-pour-une-reglementation-internationale-et-europeenne-9782802765882-pr\" target=\"_blank\">Leclerc<\/a> &#8211; <a rel=\"noreferrer noopener\" href=\"https:\/\/www.leslibraires.fr\/livre\/16882491-l-intelligence-artificielle-en-proces-plaidoye--yannick-meneceur-bruylant-edition\" target=\"_blank\">LesLibraires.fr<\/a> &#8211; <a rel=\"noreferrer noopener\" href=\"https:\/\/www.lgdj.fr\/l-intelligence-artificielle-en-proces-9782802765882.html\" target=\"_blank\">LGDJ.fr<\/a> &#8211; <a rel=\"noreferrer noopener\" href=\"https:\/\/www.librairiedelapresquile.fr\/listeliv.php?form_recherche_avancee=ok&amp;base=allbooks&amp;auteurs=Yannick+Meneceur+&amp;auteurs1=Yannick+Meneceur+&amp;dispo=1%2C2&amp;select_tri_recherche=pertinence\" target=\"_blank\">Librairie de la Presqu&rsquo;\u00eele<\/a> &#8211; <a rel=\"noreferrer noopener\" href=\"https:\/\/librairiepromoculture.lu\/web\/produit\/lintelligence-artificielle-en-proces\/\" target=\"_blank\">Librairie Pomoculture<\/a> &#8211; <a rel=\"noreferrer noopener\" href=\"https:\/\/www.librest.com\/livres\/l-intelligence-artificielle-en-proces--plaidoyer-pour-une-reglementation-internationale-et-europeenne-yannick-meneceur_0-6393753_9782802765882.html?ctx=80b98657c6617816ef2ff9356d047f00\" target=\"_blank\">Librest<\/a> &#8211; <a rel=\"noreferrer noopener\" href=\"https:\/\/www.mollat.com\/livres\/2417058\/yannick-meneceur-l-intelligence-artificielle-en-proces-plaidoyer-pour-une-reglementation-internationale-et-europeenne\" target=\"_blank\">Mollat<\/a> &#8211; <a rel=\"noreferrer noopener\" href=\"https:\/\/www.placedeslibraires.fr\/livre\/9782802765882-l-intelligence-artificielle-en-proces-plaidoyer-pour-une-reglementation-internationales-et-europeenne-yannick-meneceur\/\" target=\"_blank\">Place des Libraires<\/a> &#8211; <a rel=\"noreferrer noopener\" href=\"https:\/\/www.unitheque.com\/intelligence-artificielle-proces.-plaidoyer-pour-une-reglementation-internationale-europeenne\/bruylant\/Livre\/283955\" target=\"_blank\">Unith\u00e8que<\/a><\/p>\n\n\n\n<p class=\"has-text-align-justify has-very-light-gray-background-color has-background has-small-font-size\">\u00ab Tout ce qui est neuf n\u2019est pas n\u00e9cessairement nouveau \u00bb. Cette pens\u00e9e, pr\u00eat\u00e9e \u00e0 Paul Ricoeur, semble parfaitement pouvoir temp\u00e9rer les derniers d\u00e9veloppements de la transformation num\u00e9rique que nous sommes en train de vivre, dont les tentatives de traiter des d\u00e9cisions de justice avec le formalisme math\u00e9matique \u00e0 des fins pr\u00e9dictives. L\u2019on conna\u00eet pourtant d\u00e9j\u00e0 bien les limites de la description de certains ph\u00e9nom\u00e8nes, comme les ph\u00e9nom\u00e8nes sociaux, par des \u00e9quations : confusion entre corr\u00e9lations et causalit\u00e9, biais des donn\u00e9es, data-dredging\u2026 De plus, enfermer les individus dans le d\u00e9terminisme du chiffre ne pr\u00e9sente-t-il pas toutes les caract\u00e9ristiques d\u2019un projet de soci\u00e9t\u00e9 totalitaire ?   <br><br>Mais l\u2019enchantement collectif op\u00e9r\u00e9 par le seul \u00e9nonc\u00e9 du terme, vague et marketing \u00ab d\u2019intelligence artificielle \u00bb (IA) semble aujourd\u2019hui avoir parfaitement occult\u00e9 la r\u00e9alit\u00e9 concr\u00e8te de la m\u00e9canique sous-jacente de cette derni\u00e8re mode.  L\u2019apprentissage automatique (machine learning) et ses d\u00e9riv\u00e9s ne sont en fait qu\u2019une mani\u00e8re de cr\u00e9er de l\u2019information en donnant du sens \u00e0 des donn\u00e9es par diverses m\u00e9thodes statistiques et nombre de concepteurs semblent ne pas se soucier de ces limites. Les exemples europ\u00e9ens et internationaux les plus divers nous parviennent sur des utilisations sans conscience de ces nouveaux syst\u00e8mes computationnels : \u00e9valuation de la dangerosit\u00e9 aux \u00c9tats-Unis, \u00ab cr\u00e9dit social \u00bb en Chine, tentatives de manipulations av\u00e9r\u00e9es de l\u2019opinion publique sur les r\u00e9seaux sociaux \u00e0 l\u2019occasion du Brexit ou de l\u2019\u00e9lection de Donald Trump.  <br><br>Il y aurait donc peut-\u00eatre un nouvel imp\u00e9ratif cat\u00e9gorique qui s\u2019imposerait \u00e0 tout citoyen : celui de comprendre les enjeux de cette soci\u00e9t\u00e9 num\u00e9rique, au prix d\u2019une autopsie minutieuse, technique et politique, de ce que l\u2019on appelle \u00ab l\u2019IA \u00bb. Cela pour en d\u00e9duire une r\u00e9ponse juridique forte, puisque en dressant un \u00e9tat en droit compar\u00e9 des cadres existants en Europe et dans le monde, nous avons besoin d\u2019instruments clarifi\u00e9s pour d\u00e9fendre l\u2019\u00c9tat de droit, la d\u00e9mocratie et les droits de l\u2019homme.   <\/p>\n\n\n\n<h1 class=\"wp-block-heading\"><strong>Actualit\u00e9s<\/strong><\/h1>\n\n\n<ul class=\"lcp_catlist\" id=\"lcp_instance_0\"><li><a href=\"https:\/\/lestempselectriques.net\/index.php\/2021\/09\/09\/yannick-meneceur-recoit-le-prix-du-cercle-montesquieu-2021\/\" class=\"lcp_title\">Yannick Meneceur re\u00e7oit le Prix du Cercle Montesquieu 2021<\/a><\/li><li><a href=\"https:\/\/lestempselectriques.net\/index.php\/2021\/06\/19\/la-responsabilite-des-algorithmes-en-debat\/\" class=\"lcp_title\">La responsabilit\u00e9 des algorithmes en d\u00e9bat<\/a><\/li><li><a href=\"https:\/\/lestempselectriques.net\/index.php\/2021\/03\/26\/conference-comment-gouverner-lia-ada-tech-school\/\" class=\"lcp_title\">Conf\u00e9rence \u00ab\u00a0Comment gouverner l&rsquo;IA ?\u00a0\u00bb &#8211; Ada Tech School<\/a><\/li><li><a href=\"https:\/\/lestempselectriques.net\/index.php\/2021\/03\/23\/conference-ethique-intelligence-artificielle-42ai\/\" class=\"lcp_title\">Conf\u00e9rence \u00e9thique &#038; intelligence artificielle &#8211; 42AI<\/a><\/li><li><a href=\"https:\/\/lestempselectriques.net\/index.php\/2021\/01\/28\/table-ronde-vers-une-ethique-de-lintelligence-artificielle\/\" class=\"lcp_title\">Table ronde \u00ab\u00a0Vers une \u00e9thique de l&rsquo;intelligence artificielle\u00a0\u00bb<\/a><\/li><li><a href=\"https:\/\/lestempselectriques.net\/index.php\/2021\/01\/01\/webinaire-lintelligence-artificielle-en-proces\/\" class=\"lcp_title\">Webinaire \u00ab\u00a0L&rsquo;intelligence artificielle en proc\u00e8s\u00a0\u00bb<\/a><\/li><li><a href=\"https:\/\/lestempselectriques.net\/index.php\/2020\/11\/28\/entretien-pour-lelsa-day-sur-intelligences-artificielles-et-democratie\/\" class=\"lcp_title\">Entretien pour l&rsquo;ELSA Day sur \u00ab\u00a0Intelligences artificielles et d\u00e9mocratie\u00a0\u00bb<\/a><\/li><li><a href=\"https:\/\/lestempselectriques.net\/index.php\/2020\/10\/18\/entretien-avec-la-revue-expertises-droit-technologies-et-prospectives\/\" class=\"lcp_title\">Entretien avec la revue Expertises &#8211; Droit, technologies et prospectives<\/a><\/li><li><a href=\"https:\/\/lestempselectriques.net\/index.php\/2020\/09\/09\/webconference-intelligence-artificielle-et-les-droits-humains\/\" class=\"lcp_title\">Webconf\u00e9rence &#8211; Intelligence artificielle et les droits humains<\/a><\/li><li><a href=\"https:\/\/lestempselectriques.net\/index.php\/2020\/07\/28\/presentation-de-lintelligence-artificielle-en-proces-a-lecho-des-arenes\/\" class=\"lcp_title\">Pr\u00e9sentation de \u00ab\u00a0L&rsquo;intelligence artificielle en proc\u00e8s\u00a0\u00bb \u00e0 l&rsquo;Echo des Ar\u00e8nes<\/a><\/li><\/ul>\n\n\n\n<hr class=\"wp-block-separator has-css-opacity\"\/>\n\n\n\n<h1 class=\"wp-block-heading\"><strong>Webinaire de pr\u00e9sentation<\/strong><\/h1>\n\n\n\n<figure class=\"wp-block-embed is-type-video is-provider-youtube wp-block-embed-youtube wp-embed-aspect-16-9 wp-has-aspect-ratio\"><div class=\"wp-block-embed__wrapper\">\n<iframe loading=\"lazy\" title=\"Webinaire Zoom L\u2019Intelligence Artificielle en proc\u00e8s livre Yannick Meneceur\" width=\"525\" height=\"295\" src=\"https:\/\/www.youtube.com\/embed\/474cipr5CZQ?feature=oembed\" frameborder=\"0\" allow=\"accelerometer; autoplay; clipboard-write; encrypted-media; gyroscope; picture-in-picture; web-share\" referrerpolicy=\"strict-origin-when-cross-origin\" allowfullscreen><\/iframe>\n<\/div><\/figure>\n\n\n\n<hr class=\"wp-block-separator has-css-opacity\"\/>\n\n\n\n<h1 class=\"wp-block-heading\"><strong>La bibliographie<\/strong><\/h1>\n\n\n\n<p>Retrouvez la bibliographie de l&rsquo;ouvrage en <a href=\"https:\/\/lestempselectriques.net\/index.php\/la-bibliographie\/\">cliquant ici<\/a>.<\/p>\n\n\n\n<hr class=\"wp-block-separator has-css-opacity\"\/>\n\n\n\n<h1 class=\"wp-block-heading\"><strong>Appendice de l&rsquo;ouvrage mise \u00e0 jour<\/strong><\/h1>\n\n\n\n<p>Retrouvez la <a rel=\"noreferrer noopener\" href=\"https:\/\/lestempselectriques.net\/index.php\/2020\/05\/06\/ia-algorithmes-big-data-data-science-inventaire-des-cadres-ethiques-et-politiques\/\" target=\"_blank\">liste des cadres \u00e9thiques et politiques de l&rsquo;IA, du Big Data, des algorithmes, de la Data Science et de la robotique<\/a>.<\/p>\n\n\n\n<hr class=\"wp-block-separator has-css-opacity\"\/>\n\n\n\n<h1 class=\"wp-block-heading\"><strong>Sommaire<\/strong><\/h1>\n\n\n\n<p>Pr\u00e9face<br>Avant-propos. L\u2019enchantement<br>Introduction : d\u00e9finir, probl\u00e9matiser et r\u00e9guler l\u2019intelligence artificielle<br><br><strong>Partie 1 \u2013 Les multiples d\u00e9finitions de l\u2019intelligence artificielle<\/strong><br>#1.01 \u2013 L\u2019intelligence artificielle dans le langage courant<br>#1.02 \u2013 L\u2019intelligence artificielle dans une perspective historique et technique<br>#1.03 \u2013 L\u2019intelligence artificielle dans une perspective \u00e9conomique et sociale<br>#1.04 \u2013 L\u2019intelligence artificielle dans une perspective philosophique et \u00e9thique<br>#1.05 \u2013 L\u2019intelligence artificielle dans une perspective politique et juridique<br><br><strong>Partie 2 \u2013 Le probl\u00e8me technique<\/strong><br>#2.01 \u2013 Ce que nous enseignent les trois \u00e2ges d\u2019or de l\u2019intelligence artificielle<br>#2.02 \u2013 Une r\u00e9volution avant tout\u2026 informatique<br>#2.03 \u2013 Le grand emballement : les succ\u00e8s grisants de l\u2019apprentissage profond<br>#2.04 \u2013 Un d\u00e9veloppement \u00e0 mettre en perspective avec l\u2019histoire et les ambitions de la statistique<br>#2.05 \u2013 Un formalisme math\u00e9matique performant pour des t\u00e2ches tr\u00e8s sp\u00e9cialis\u00e9es dans des environnements ferm\u00e9s<br>#2.06 \u2013 Les d\u00e9rives \u00ab pr\u00e9dictives \u00bb de la justice et de la police<br>#2.07 \u2013 Les promesses et les \u00e9cueils de la \u00ab m\u00e9decine pr\u00e9dictive \u00bb<br>#2.08 \u2013 L\u2019immixtion des algorithmes dans l\u2019\u00e9ducation<br>#2.09 \u2013 Les d\u00e9fauts structurels de l\u2019apprentissage automatique<br><br><strong>Partie 3 \u2013 Le probl\u00e8me politique<\/strong><br>#3.01 \u2013 La construction d\u2019une pens\u00e9e critique de l\u2019intelligence artificielle d\u00e9vitalis\u00e9e et confisqu\u00e9e<br>#3.02 \u2013 L\u2019informatique : un \u00ab fait social total \u00bb<br>#3.03 \u2013 L\u2019\u00e9thique pour exorciser les mauvais usages et l\u2019humain au centre\u2026 mais au centre de quoi ?<br>#3.04 \u2013 Une masse consentante \u00e0 son emprise par les technologies : vers un \u00ab \u00c9tat des algorithmes \u00bb<br>#3.05 \u2013 L\u2019hybridation des id\u00e9ologies libertariennes et n\u00e9olib\u00e9rales<br>#3.06 \u2013 Le transhumanisme : l\u2019humain augment\u00e9 ou diminu\u00e9 ?<br><br><strong>Partie 4 \u2013 Une r\u00e9ponse juridique<\/strong><br>#4.01 \u2013 La r\u00e9ponse juridique relative aux donn\u00e9es trait\u00e9es par l\u2019intelligence artificielle<br>#4.02 \u2013 L\u2019encadrement de l\u2019intelligence artificielle en droit de l\u2019Union europ\u00e9enne<br>#4.03 \u2013 L\u2019impact de l\u2019intelligence artificielle sur les normes, principes et valeurs prot\u00e9g\u00e9s par le Conseil de l\u2019Europe<br>#4.04 \u2013 R\u00e9futer les d\u00e9tracteurs d\u2019une r\u00e9glementation de l\u2019intelligence artificielle<br>#4.05 \u2013 Vers une organisation des professions appliquant l\u2019intelligence artificielle ?<br>#4.06 \u2013 La certification : un m\u00e9canisme de confiance pour l\u2019emploi de l\u2019intelligence artificielle<br>#4.07 \u2013 Les droits de l\u2019homme et les libert\u00e9s fondamentales pour \u00e9clairer l\u2019\u00e8re num\u00e9rique<br><br>Conclusion : \u00ab l\u2019IA \u00bb, un moyen sacralis\u00e9 qui s\u2019est appropri\u00e9 les fins<br>Postface<br>Appendice : liste des cadres \u00e9thiques ou non contraignants applicables<br>\u00e0 l\u2019intelligence artificielle et \u00e0 la science des donn\u00e9es<br>Index th\u00e9matique alphab\u00e9tique<br>Bibliographie s\u00e9lective<\/p>\n","protected":false},"excerpt":{"rendered":"<p>L&rsquo;intelligence artificielle en proc\u00e8s &#8211; Plaidoyer pour une r\u00e9glementation internationale et europ\u00e9enne Commander le livre : Larcier &#8211; Amazon (dont format Kindle) &#8211; Cultura &#8211; D\u00e9citre &#8211; Eyrolles &#8211; FNAC &#8211; Furet du Nord &#8211; Lalibrairie.com &#8211; Leclerc &#8211; LesLibraires.fr &#8211; LGDJ.fr &#8211; Librairie de la Presqu&rsquo;\u00eele &#8211; Librairie Pomoculture &#8211; Librest &#8211; Mollat &#8211;&hellip; <a class=\"read-more-link\" href=\"https:\/\/lestempselectriques.net\/index.php\/lintelligence-artificielle-en-proces\/\">Plus&#8230;<\/a><\/p>\n","protected":false},"author":1,"featured_media":0,"parent":0,"menu_order":5,"comment_status":"closed","ping_status":"closed","template":"","meta":{"footnotes":""},"coauthors":[17],"class_list":["post-762","page","type-page","status-publish","hentry"],"jetpack_sharing_enabled":true,"_links":{"self":[{"href":"https:\/\/lestempselectriques.net\/index.php\/wp-json\/wp\/v2\/pages\/762","targetHints":{"allow":["GET"]}}],"collection":[{"href":"https:\/\/lestempselectriques.net\/index.php\/wp-json\/wp\/v2\/pages"}],"about":[{"href":"https:\/\/lestempselectriques.net\/index.php\/wp-json\/wp\/v2\/types\/page"}],"author":[{"embeddable":true,"href":"https:\/\/lestempselectriques.net\/index.php\/wp-json\/wp\/v2\/users\/1"}],"replies":[{"embeddable":true,"href":"https:\/\/lestempselectriques.net\/index.php\/wp-json\/wp\/v2\/comments?post=762"}],"version-history":[{"count":44,"href":"https:\/\/lestempselectriques.net\/index.php\/wp-json\/wp\/v2\/pages\/762\/revisions"}],"predecessor-version":[{"id":2267,"href":"https:\/\/lestempselectriques.net\/index.php\/wp-json\/wp\/v2\/pages\/762\/revisions\/2267"}],"wp:attachment":[{"href":"https:\/\/lestempselectriques.net\/index.php\/wp-json\/wp\/v2\/media?parent=762"}],"wp:term":[{"taxonomy":"author","embeddable":true,"href":"https:\/\/lestempselectriques.net\/index.php\/wp-json\/wp\/v2\/coauthors?post=762"}],"curies":[{"name":"wp","href":"https:\/\/api.w.org\/{rel}","templated":true}]}}